{"id":200,"date":"2023-09-20T12:48:44","date_gmt":"2023-09-20T10:48:44","guid":{"rendered":"https:\/\/www.kaelektrik.sk\/?page_id=200"},"modified":"2023-12-31T14:28:33","modified_gmt":"2023-12-31T13:28:33","slug":"kontakt","status":"publish","type":"page","link":"https:\/\/www.kaelektrik.sk\/index.php\/kontakt\/","title":{"rendered":"Kontakt"},"content":{"rendered":"\n<h2 class=\"wp-block-heading\"><strong>Karol \u010eur\u010dovi\u010d<\/strong><\/h2>\n\n\n\n<figure class=\"wp-block-image size-large is-resized\"><img loading=\"lazy\" decoding=\"async\" width=\"683\" height=\"1024\" src=\"https:\/\/www.kaelektrik.sk\/wp-content\/uploads\/2023\/12\/received_1062778451629627-1-683x1024.jpeg\" alt=\"\" class=\"wp-image-507\" style=\"width:200px;height:auto\" srcset=\"https:\/\/www.kaelektrik.sk\/wp-content\/uploads\/2023\/12\/received_1062778451629627-1-683x1024.jpeg 683w, https:\/\/www.kaelektrik.sk\/wp-content\/uploads\/2023\/12\/received_1062778451629627-1-200x300.jpeg 200w, https:\/\/www.kaelektrik.sk\/wp-content\/uploads\/2023\/12\/received_1062778451629627-1-768x1152.jpeg 768w, https:\/\/www.kaelektrik.sk\/wp-content\/uploads\/2023\/12\/received_1062778451629627-1-1024x1536.jpeg 1024w, https:\/\/www.kaelektrik.sk\/wp-content\/uploads\/2023\/12\/received_1062778451629627-1-1366x2048.jpeg 1366w, https:\/\/www.kaelektrik.sk\/wp-content\/uploads\/2023\/12\/received_1062778451629627-1-1200x1800.jpeg 1200w, https:\/\/www.kaelektrik.sk\/wp-content\/uploads\/2023\/12\/received_1062778451629627-1-1980x2970.jpeg 1980w, https:\/\/www.kaelektrik.sk\/wp-content\/uploads\/2023\/12\/received_1062778451629627-1-scaled.jpeg 1707w\" sizes=\"auto, (max-width: 683px) 100vw, 683px\" \/><\/figure>\n\n\n\n<p><\/p>\n\n\n\n<p>Elektrotechnik<\/p>\n\n\n\n<ul class=\"wp-block-social-links is-layout-flex wp-block-social-links-is-layout-flex\">\n\n\n\n<li class=\"wp-social-link wp-social-link-facebook  wp-block-social-link\"><a href=\"https:\/\/www.facebook.com\/ka.elektrik.2023\" class=\"wp-block-social-link-anchor\"><svg width=\"24\" height=\"24\" viewBox=\"0 0 24 24\" version=\"1.1\" xmlns=\"http:\/\/www.w3.org\/2000\/svg\" aria-hidden=\"true\" focusable=\"false\"><path d=\"M12 2C6.5 2 2 6.5 2 12c0 5 3.7 9.1 8.4 9.9v-7H7.9V12h2.5V9.8c0-2.5 1.5-3.9 3.8-3.9 1.1 0 2.2.2 2.2.2v2.5h-1.3c-1.2 0-1.6.8-1.6 1.6V12h2.8l-.4 2.9h-2.3v7C18.3 21.1 22 17 22 12c0-5.5-4.5-10-10-10z\"><\/path><\/svg><span class=\"wp-block-social-link-label screen-reader-text\">https:\/\/www.facebook.com\/ka.elektrik.2023<\/span><\/a><\/li>\n\n<li class=\"wp-social-link wp-social-link-mail  wp-block-social-link\"><a href=\"mailto:&#107;ar&#111;&#108;&#046;&#100;&#117;&#114;c&#111;&#118;&#105;c&#064;&#103;&#109;a&#105;&#108;.com\" class=\"wp-block-social-link-anchor\"><svg width=\"24\" height=\"24\" viewBox=\"0 0 24 24\" version=\"1.1\" xmlns=\"http:\/\/www.w3.org\/2000\/svg\" aria-hidden=\"true\" focusable=\"false\"><path d=\"M19,5H5c-1.1,0-2,.9-2,2v10c0,1.1.9,2,2,2h14c1.1,0,2-.9,2-2V7c0-1.1-.9-2-2-2zm.5,12c0,.3-.2.5-.5.5H5c-.3,0-.5-.2-.5-.5V9.8l7.5,5.6,7.5-5.6V17zm0-9.1L12,13.6,4.5,7.9V7c0-.3.2-.5.5-.5h14c.3,0,.5.2.5.5v.9z\"><\/path><\/svg><span class=\"wp-block-social-link-label screen-reader-text\">Mail<\/span><\/a><\/li><\/ul>\n\n\n\n<p>Mobil : +421907264252<\/p>\n\n\n\n<p><\/p>\n\n\n\n<p><strong>S\u00eddlo:<\/strong><\/p>\n\n\n\n<p>Kune\u0161ovsk\u00e1 829\/2<\/p>\n\n\n\n<p>Handlov\u00e1 97251<\/p>\n\n\n\n<p>I\u010cO:55695752<\/p>\n\n\n\n<p>DI\u010c:1082250631<\/p>\n","protected":false},"excerpt":{"rendered":"<p>Karol \u010eur\u010dovi\u010d Elektrotechnik Mobil : +421907264252 S\u00eddlo: Kune\u0161ovsk\u00e1 829\/2 Handlov\u00e1 97251 I\u010cO:55695752 DI\u010c:1082250631<\/p>\n","protected":false},"author":1,"featured_media":0,"parent":0,"menu_order":0,"comment_status":"closed","ping_status":"closed","template":"","meta":{"footnotes":""},"class_list":["post-200","page","type-page","status-publish","hentry"],"_links":{"self":[{"href":"https:\/\/www.kaelektrik.sk\/index.php\/wp-json\/wp\/v2\/pages\/200","targetHints":{"allow":["GET"]}}],"collection":[{"href":"https:\/\/www.kaelektrik.sk\/index.php\/wp-json\/wp\/v2\/pages"}],"about":[{"href":"https:\/\/www.kaelektrik.sk\/index.php\/wp-json\/wp\/v2\/types\/page"}],"author":[{"embeddable":true,"href":"https:\/\/www.kaelektrik.sk\/index.php\/wp-json\/wp\/v2\/users\/1"}],"replies":[{"embeddable":true,"href":"https:\/\/www.kaelektrik.sk\/index.php\/wp-json\/wp\/v2\/comments?post=200"}],"version-history":[{"count":15,"href":"https:\/\/www.kaelektrik.sk\/index.php\/wp-json\/wp\/v2\/pages\/200\/revisions"}],"predecessor-version":[{"id":508,"href":"https:\/\/www.kaelektrik.sk\/index.php\/wp-json\/wp\/v2\/pages\/200\/revisions\/508"}],"wp:attachment":[{"href":"https:\/\/www.kaelektrik.sk\/index.php\/wp-json\/wp\/v2\/media?parent=200"}],"curies":[{"name":"wp","href":"https:\/\/api.w.org\/{rel}","templated":true}]}}