{"id":32,"date":"2023-09-06T19:00:17","date_gmt":"2023-09-06T17:00:17","guid":{"rendered":"https:\/\/www.kaelektrik.sk\/?page_id=32"},"modified":"2023-10-31T07:22:52","modified_gmt":"2023-10-31T06:22:52","slug":"o-nas","status":"publish","type":"page","link":"https:\/\/www.kaelektrik.sk\/","title":{"rendered":"O n\u00e1s"},"content":{"rendered":"\n<p class=\"has-text-align-center\"><strong>ELEKTROIN\u0160TAL\u00c1CIE  BEZ STAROST\u00cd <\/strong><\/p>\n\n\n\n<div class=\"wp-block-media-text is-stacked-on-mobile\"><figure class=\"wp-block-media-text__media\"><img loading=\"lazy\" decoding=\"async\" width=\"768\" height=\"1024\" src=\"https:\/\/www.kaelektrik.sk\/wp-content\/uploads\/2023\/10\/IMG_20230919_193332-kopie-768x1024.jpg\" alt=\"\" class=\"wp-image-396 size-full\" srcset=\"https:\/\/www.kaelektrik.sk\/wp-content\/uploads\/2023\/10\/IMG_20230919_193332-kopie-768x1024.jpg 768w, https:\/\/www.kaelektrik.sk\/wp-content\/uploads\/2023\/10\/IMG_20230919_193332-kopie-225x300.jpg 225w, https:\/\/www.kaelektrik.sk\/wp-content\/uploads\/2023\/10\/IMG_20230919_193332-kopie-1152x1536.jpg 1152w, https:\/\/www.kaelektrik.sk\/wp-content\/uploads\/2023\/10\/IMG_20230919_193332-kopie-1536x2048.jpg 1536w, https:\/\/www.kaelektrik.sk\/wp-content\/uploads\/2023\/10\/IMG_20230919_193332-kopie-1200x1600.jpg 1200w, https:\/\/www.kaelektrik.sk\/wp-content\/uploads\/2023\/10\/IMG_20230919_193332-kopie-1980x2640.jpg 1980w, https:\/\/www.kaelektrik.sk\/wp-content\/uploads\/2023\/10\/IMG_20230919_193332-kopie-scaled.jpg 1920w\" sizes=\"auto, (max-width: 768px) 100vw, 768px\" \/><\/figure><div class=\"wp-block-media-text__content\">\n<p><strong>Vitajte na na\u0161ej webstr\u00e1nke, kde sme tu pre v\u00e1s ako spo\u013eahliv\u00ed elektroin\u0161talat\u00e9ri pre domy, byty, sklady, bleskozvody a fotovoltaick\u00e9 syst\u00e9my. Sme t\u00edm sk\u00fasen\u00fdch odborn\u00edkov s bohat\u00fdmi sk\u00fasenos\u0165ami v oblasti elektrotechniky a na\u0161\u00edm cie\u013eom je poskytova\u0165 v\u00e1m kvalitn\u00e9 a profesion\u00e1lne slu\u017eby.<\/strong><\/p>\n<\/div><\/div>\n\n\n\n<div class=\"wp-block-media-text has-media-on-the-right is-stacked-on-mobile\"><div class=\"wp-block-media-text__content\">\n<p class=\"has-black-color has-text-color\"><mark style=\"background-color:rgba(0,0,0,0);color:#000000\" class=\"has-inline-color has-black-color\"><strong>N\u00e1\u0161 t\u00edm sa \u0161pecializuje na in\u0161tal\u00e1cie elektrick\u00fdch syst\u00e9mov pre dom\u00e1cnosti, byty a sklady. Bez oh\u013eadu na ve\u013ekos\u0165 projektu, sme pripraven\u00ed zabezpe\u010di\u0165 bezpe\u010dn\u00e9 a efekt\u00edvne rie\u0161enia, ktor\u00e9 vyhovuj\u00fa va\u0161im individu\u00e1lnym potreb\u00e1m. Na\u0161e slu\u017eby zah\u0155\u0148aj\u00fa in\u0161tal\u00e1ciu elektrick\u00fdch rozvodov, osvetlenia, z\u00e1suviek, sp\u00edna\u010dov a \u010fal\u0161\u00edch prvkov.<\/strong><\/mark><\/p>\n<\/div><figure class=\"wp-block-media-text__media\"><img loading=\"lazy\" decoding=\"async\" width=\"926\" height=\"1024\" src=\"https:\/\/www.kaelektrik.sk\/wp-content\/uploads\/2023\/10\/PSX_20231004_101235-1-926x1024.png\" alt=\"\" class=\"wp-image-412 size-full\" srcset=\"https:\/\/www.kaelektrik.sk\/wp-content\/uploads\/2023\/10\/PSX_20231004_101235-1-926x1024.png 926w, https:\/\/www.kaelektrik.sk\/wp-content\/uploads\/2023\/10\/PSX_20231004_101235-1-271x300.png 271w, https:\/\/www.kaelektrik.sk\/wp-content\/uploads\/2023\/10\/PSX_20231004_101235-1-768x850.png 768w, https:\/\/www.kaelektrik.sk\/wp-content\/uploads\/2023\/10\/PSX_20231004_101235-1-1200x1327.png 1200w, https:\/\/www.kaelektrik.sk\/wp-content\/uploads\/2023\/10\/PSX_20231004_101235-1.png 1356w\" sizes=\"auto, (max-width: 926px) 100vw, 926px\" \/><\/figure><\/div>\n\n\n\n<div class=\"wp-block-media-text is-stacked-on-mobile\"><figure class=\"wp-block-media-text__media\"><img loading=\"lazy\" decoding=\"async\" width=\"1024\" height=\"766\" src=\"https:\/\/www.kaelektrik.sk\/wp-content\/uploads\/2023\/10\/12-1024x766.png\" alt=\"\" class=\"wp-image-398 size-full\" srcset=\"https:\/\/www.kaelektrik.sk\/wp-content\/uploads\/2023\/10\/12-1024x766.png 1024w, https:\/\/www.kaelektrik.sk\/wp-content\/uploads\/2023\/10\/12-300x224.png 300w, https:\/\/www.kaelektrik.sk\/wp-content\/uploads\/2023\/10\/12-768x575.png 768w, https:\/\/www.kaelektrik.sk\/wp-content\/uploads\/2023\/10\/12-1536x1149.png 1536w, https:\/\/www.kaelektrik.sk\/wp-content\/uploads\/2023\/10\/12-2048x1532.png 2048w, https:\/\/www.kaelektrik.sk\/wp-content\/uploads\/2023\/10\/12-1200x898.png 1200w, https:\/\/www.kaelektrik.sk\/wp-content\/uploads\/2023\/10\/12-1980x1482.png 1980w\" sizes=\"auto, (max-width: 1024px) 100vw, 1024px\" \/><\/figure><div class=\"wp-block-media-text__content\">\n<p><strong>Okrem toho sme odborn\u00edkmi aj v oblasti bleskozvodov a fotovoltaick\u00fdch syst\u00e9mov. Pom\u00f4\u017eeme v\u00e1m s nain\u0161talovan\u00edm spo\u013eahliv\u00fdch bleskozvodov, ktor\u00e9 chr\u00e1nia v\u00e1\u0161 majetok pred po\u0161koden\u00edm sp\u00f4soben\u00fdm bleskom. Pon\u00fakame tie\u017e in\u0161tal\u00e1ciu fotovoltaick\u00fdch syst\u00e9mov, ktor\u00e9 vyu\u017e\u00edvaj\u00fa slne\u010dn\u00fa energiu na v\u00fdrobu elektrickej energie.<\/strong><\/p>\n<\/div><\/div>\n\n\n\n<figure class=\"wp-block-image size-full is-resized\"><img loading=\"lazy\" decoding=\"async\" width=\"752\" height=\"670\" src=\"https:\/\/www.kaelektrik.sk\/wp-content\/uploads\/2023\/10\/PSX_20231004_101428.png\" alt=\"\" class=\"wp-image-415\" style=\"width:431px;height:384px\" srcset=\"https:\/\/www.kaelektrik.sk\/wp-content\/uploads\/2023\/10\/PSX_20231004_101428.png 752w, https:\/\/www.kaelektrik.sk\/wp-content\/uploads\/2023\/10\/PSX_20231004_101428-300x267.png 300w\" sizes=\"auto, (max-width: 752px) 100vw, 752px\" \/><\/figure>\n\n\n\n<div class=\"wp-block-media-text has-media-on-the-right is-stacked-on-mobile\"><div class=\"wp-block-media-text__content\">\n<p><strong>Sme hrd\u00ed na na\u0161u odbornos\u0165, spo\u013eahlivos\u0165 a kvalitu pr\u00e1ce, ktor\u00fa poskytujeme na\u0161im klientom. Na\u0161\u00edm cie\u013eom je zabezpe\u010di\u0165 va\u0161u spokojnos\u0165 a bezpe\u010dnos\u0165 prostredn\u00edctvom na\u0161ich elektroin\u0161tal\u00e1ci\u00ed. Prehliadnite si na\u0161e slu\u017eby a nev\u00e1hajte n\u00e1s kontaktova\u0165 pre \u010fal\u0161ie inform\u00e1cie. Te\u0161\u00edme sa na spolupr\u00e1cu s vami pri realiz\u00e1cii va\u0161ich elektrotechnick\u00fdch projektov!<\/strong><\/p>\n\n\n\n<p><\/p>\n\n\n\n<p><\/p>\n<\/div><figure class=\"wp-block-media-text__media\"><img loading=\"lazy\" decoding=\"async\" width=\"1024\" height=\"768\" src=\"https:\/\/www.kaelektrik.sk\/wp-content\/uploads\/2023\/10\/IMG_20230715_084718-1024x768.jpg\" alt=\"\" class=\"wp-image-408 size-full\" srcset=\"https:\/\/www.kaelektrik.sk\/wp-content\/uploads\/2023\/10\/IMG_20230715_084718-1024x768.jpg 1024w, https:\/\/www.kaelektrik.sk\/wp-content\/uploads\/2023\/10\/IMG_20230715_084718-300x225.jpg 300w, https:\/\/www.kaelektrik.sk\/wp-content\/uploads\/2023\/10\/IMG_20230715_084718-768x576.jpg 768w, https:\/\/www.kaelektrik.sk\/wp-content\/uploads\/2023\/10\/IMG_20230715_084718-1536x1152.jpg 1536w, https:\/\/www.kaelektrik.sk\/wp-content\/uploads\/2023\/10\/IMG_20230715_084718-2048x1536.jpg 2048w, https:\/\/www.kaelektrik.sk\/wp-content\/uploads\/2023\/10\/IMG_20230715_084718-1200x900.jpg 1200w, https:\/\/www.kaelektrik.sk\/wp-content\/uploads\/2023\/10\/IMG_20230715_084718-1980x1485.jpg 1980w\" sizes=\"auto, (max-width: 1024px) 100vw, 1024px\" \/><\/figure><\/div>\n\n\n\n<p><strong><em>Sme elektrotechnici  s 20 &#8211; ro\u010dnou praxou<\/em>.<\/strong><\/p>\n\n\n\n<p><strong><em>Profesion\u00e1li, ktor\u00ed u\u017e za roky praxe vedia urobi\u0165 pre investora maximum k jeho spokojnosti. <\/em><\/strong><\/p>\n\n\n\n<p><em>!!! <strong> <mark style=\"background-color:rgba(0, 0, 0, 0)\" class=\"has-inline-color has-primary-color\">V s\u00falade s aktu\u00e1lnymi platn\u00fdmi normami a predpismi<\/mark><\/strong> !!!<\/em><\/p>\n\n\n\n<div class=\"wp-block-buttons alignwide is-content-justification-center is-layout-flex wp-container-core-buttons-is-layout-d9cd0f1e wp-block-buttons-is-layout-flex\">\n<div class=\"wp-block-button\"><a class=\"wp-block-button__link wp-element-button\" href=\"https:\/\/www.facebook.com\/profile.php?id=61551949035513\">Rezervuj si n\u00c1S<\/a><\/div>\n<\/div>\n\n\n\n<figure class=\"wp-block-gallery aligncenter has-nested-images columns-default is-cropped wp-block-gallery-1 is-layout-flex wp-block-gallery-is-layout-flex\"><div class=\"wp-block-image\">\n<figure class=\"alignleft size-large\"><img loading=\"lazy\" decoding=\"async\" width=\"906\" height=\"442\" data-id=\"486\" src=\"https:\/\/www.kaelektrik.sk\/wp-content\/uploads\/2023\/10\/Knipex_logo.svg-1-1.png\" alt=\"\" class=\"wp-image-486\" srcset=\"https:\/\/www.kaelektrik.sk\/wp-content\/uploads\/2023\/10\/Knipex_logo.svg-1-1.png 906w, https:\/\/www.kaelektrik.sk\/wp-content\/uploads\/2023\/10\/Knipex_logo.svg-1-1-300x146.png 300w, https:\/\/www.kaelektrik.sk\/wp-content\/uploads\/2023\/10\/Knipex_logo.svg-1-1-768x375.png 768w\" sizes=\"auto, (max-width: 906px) 100vw, 906px\" \/><\/figure>\n<\/div>\n\n<div class=\"wp-block-image\">\n<figure class=\"alignright size-full\"><img loading=\"lazy\" decoding=\"async\" width=\"178\" height=\"40\" data-id=\"474\" src=\"https:\/\/www.kaelektrik.sk\/wp-content\/uploads\/2023\/10\/logo-mak.png\" alt=\"\" class=\"wp-image-474\"\/><\/figure>\n<\/div><figcaption class=\"blocks-gallery-caption wp-element-caption\"> Sme oddan\u00ed kvalite a d\u00f4verujeme len overen\u00fdm zna\u010dk\u00e1m. Na\u0161\u00edm cie\u013eom je poskytn\u00fa\u0165 na\u0161im z\u00e1kazn\u00edkom v\u017edy najvy\u0161\u0161iu mo\u017en\u00fa kvalitu pr\u00e1ce.<\/figcaption><\/figure>\n","protected":false},"excerpt":{"rendered":"<p>ELEKTROIN\u0160TAL\u00c1CIE BEZ STAROST\u00cd Vitajte na na\u0161ej webstr\u00e1nke, kde sme tu pre v\u00e1s ako spo\u013eahliv\u00ed elektroin\u0161talat\u00e9ri pre domy, byty, sklady, bleskozvody a fotovoltaick\u00e9 syst\u00e9my. Sme t\u00edm sk\u00fasen\u00fdch odborn\u00edkov s bohat\u00fdmi sk\u00fasenos\u0165ami v oblasti elektrotechniky a na\u0161\u00edm cie\u013eom je poskytova\u0165 v\u00e1m kvalitn\u00e9 a profesion\u00e1lne slu\u017eby. N\u00e1\u0161 t\u00edm sa \u0161pecializuje na in\u0161tal\u00e1cie elektrick\u00fdch syst\u00e9mov pre dom\u00e1cnosti, byty a [&hellip;]<\/p>\n","protected":false},"author":1,"featured_media":0,"parent":0,"menu_order":0,"comment_status":"closed","ping_status":"closed","template":"templates\/template-full-width.php","meta":{"footnotes":""},"class_list":["post-32","page","type-page","status-publish","hentry"],"_links":{"self":[{"href":"https:\/\/www.kaelektrik.sk\/index.php\/wp-json\/wp\/v2\/pages\/32","targetHints":{"allow":["GET"]}}],"collection":[{"href":"https:\/\/www.kaelektrik.sk\/index.php\/wp-json\/wp\/v2\/pages"}],"about":[{"href":"https:\/\/www.kaelektrik.sk\/index.php\/wp-json\/wp\/v2\/types\/page"}],"author":[{"embeddable":true,"href":"https:\/\/www.kaelektrik.sk\/index.php\/wp-json\/wp\/v2\/users\/1"}],"replies":[{"embeddable":true,"href":"https:\/\/www.kaelektrik.sk\/index.php\/wp-json\/wp\/v2\/comments?post=32"}],"version-history":[{"count":36,"href":"https:\/\/www.kaelektrik.sk\/index.php\/wp-json\/wp\/v2\/pages\/32\/revisions"}],"predecessor-version":[{"id":502,"href":"https:\/\/www.kaelektrik.sk\/index.php\/wp-json\/wp\/v2\/pages\/32\/revisions\/502"}],"wp:attachment":[{"href":"https:\/\/www.kaelektrik.sk\/index.php\/wp-json\/wp\/v2\/media?parent=32"}],"curies":[{"name":"wp","href":"https:\/\/api.w.org\/{rel}","templated":true}]}}